{"id":2,"date":"2016-09-27T19:12:55","date_gmt":"2016-09-27T19:12:55","guid":{"rendered":"http:\/\/2017.alicante.wordcamp.org\/?page_id=2"},"modified":"2017-01-11T07:46:47","modified_gmt":"2017-01-11T07:46:47","slug":"organizadores","status":"publish","type":"page","link":"https:\/\/alicante.wordcamp.org\/2017\/organizadores\/","title":{"rendered":"Organizadores"},"content":{"rendered":"\t<div class=\"wcorg-organizers\">\n\n\t\t\n\t\t\t<div class=\"wcorg-organizer\">\n\t\t\t\t<h2>\u00c1ngel Vicedo<\/h2>\n\t\t\t\t<div class=\"wcorg-organizer-description\">\n\t\t\t\t\t\t\t\t\t\t<img alt='' src='https:\/\/secure.gravatar.com\/avatar\/fda6a5ab19fe19b133b84c05f22aeebd54ac638bb5df51450e422eb30f0bd2fc?s=100&#038;d=mm&#038;r=g' srcset='https:\/\/secure.gravatar.com\/avatar\/fda6a5ab19fe19b133b84c05f22aeebd54ac638bb5df51450e422eb30f0bd2fc?s=200&#038;d=mm&#038;r=g 2x' class='avatar avatar-100 photo' height='100' width='100' \/>\t\t\t\t\t<p>\u00c1ngel Vicedo es desarrollador web en Brandagora, donde gestionan\u00a0proyectos ilusionantes y lleno de retos, maquetando y dise\u00f1ando con #WordPress desde 2012, acorde a las iniciativas y finalidades empresariales.<\/p>\n<p>Me considero personalmente, una persona muy inquieta y autodidacta. Siempre que me ronda alguna idea por la cabeza, me gusta ejecutarla y ver como funciona, nunca me puedo quedar con el \u00bfque habr\u00eda pasado? \u00bfhabr\u00eda funcionado?. La vida est\u00e1 llena de ense\u00f1anzas y no hay mejor forma de aprender, que viviendo una experiencia que te ponga al l\u00edmite. A veces, es necesario caer para levantarse con m\u00e1s fuerza!. Me encanta formar parte de equipos y orientar desde mi perspectiva profesional todo lo que este en mi mano para sacar adelante proyectos.<\/p>\n<p>Organizador de eventos como iWeekend Alicante, Start Idea, etc..<\/p>\n\t\t\t\t<\/div>\n\t\t\t<\/div>\n\n\t\t\n\t\t\t<div class=\"wcorg-organizer\">\n\t\t\t\t<h2>Manuel Vicedo<\/h2>\n\t\t\t\t<div class=\"wcorg-organizer-description\">\n\t\t\t\t\t\t\t\t\t\t<img alt='' src='https:\/\/secure.gravatar.com\/avatar\/f5d9b21a06029645a7e3e668c503fb1f674354fe7c1371a04d59afd00d8cbe5a?s=100&#038;d=mm&#038;r=g' srcset='https:\/\/secure.gravatar.com\/avatar\/f5d9b21a06029645a7e3e668c503fb1f674354fe7c1371a04d59afd00d8cbe5a?s=200&#038;d=mm&#038;r=g 2x' class='avatar avatar-100 photo' height='100' width='100' \/>\t\t\t\t\t<p style=\"text-align: left\">Manuel Vicedo es\u00a0dise\u00f1ador y desarrollador web, apasionado de los proyectos online y el uso de WordPress.<\/p>\n\t\t\t\t<\/div>\n\t\t\t<\/div>\n\n\t\t\n\t\t\t<div class=\"wcorg-organizer\">\n\t\t\t\t<h2>Carlos Ruiz<\/h2>\n\t\t\t\t<div class=\"wcorg-organizer-description\">\n\t\t\t\t\t\t\t\t\t\t<img alt='' src='https:\/\/secure.gravatar.com\/avatar\/4134490700dca04a0fb4d33a44db8fd15fd64d16e116df5ab00d0012ccbcd75d?s=100&#038;d=mm&#038;r=g' srcset='https:\/\/secure.gravatar.com\/avatar\/4134490700dca04a0fb4d33a44db8fd15fd64d16e116df5ab00d0012ccbcd75d?s=200&#038;d=mm&#038;r=g 2x' class='avatar avatar-100 photo' height='100' width='100' \/>\t\t\t\t\t<p>Consultor tecnol\u00f3gico, fundador de <a href=\"http:\/\/Micromante.com\">Micromante.com<\/a> y experto en tecnolog\u00edas abiertas, basadas en PHP y otros lenguajes. Como desarrollador prefiere usar frameworks y CMS, como herramientas para la creaci\u00f3n de proyectos en menor tiempo y con un mayor nivel de calidad. Tiene una larga trayectoria en el desarrollo de proyectos online y una aptitud de superaci\u00f3n personal, con la vista siempre puesta en la innovaci\u00f3n, la creatividad y el desarrollo de productos con las \u00faltimas tecnolog\u00edas del mercado.<\/p>\n\t\t\t\t<\/div>\n\t\t\t<\/div>\n\n\t\t\n\t\t\t<div class=\"wcorg-organizer\">\n\t\t\t\t<h2>Fabian Lopez Coloma<\/h2>\n\t\t\t\t<div class=\"wcorg-organizer-description\">\n\t\t\t\t\t\t\t\t\t\t<img alt='' src='https:\/\/secure.gravatar.com\/avatar\/8974dfe00deeae58d40b039a72120d8b62c34817defc81f73203e8b7bb222cb7?s=100&#038;d=mm&#038;r=g' srcset='https:\/\/secure.gravatar.com\/avatar\/8974dfe00deeae58d40b039a72120d8b62c34817defc81f73203e8b7bb222cb7?s=200&#038;d=mm&#038;r=g 2x' class='avatar avatar-100 photo' height='100' width='100' \/>\t\t\t\t\t<p>Fabi\u00e1n L\u00f3pez es Ingeniero de Telecomunicaciones por la UPV. Dedica gran parte de su tiempo a la formaci\u00f3n y al comercio electr\u00f3nico, sobre todo en plataformas opensource.<\/p>\n<p>Es fundador de turronesydulces.com y co-fundador y president de ecommaster.es, escuela internacional de comercio electr\u00f3nico, que imparte sus cursos y m\u00e1sters en la universidad de Alicante, Universidad Miguel Hern\u00e1ndez, Universidad Rey Juan Carlos, etc. en modalidades online y presencial.<\/p>\n<p>Blog <a href=\"http:\/\/fabia.es\">fabia.es<\/a><\/p>\n\t\t\t\t<\/div>\n\t\t\t<\/div>\n\n\t\t\n\t\t\t<div class=\"wcorg-organizer\">\n\t\t\t\t<h2>Carlos Vicedo<\/h2>\n\t\t\t\t<div class=\"wcorg-organizer-description\">\n\t\t\t\t\t\t\t\t\t\t<img alt='' src='https:\/\/secure.gravatar.com\/avatar\/491bbb90f0949215218dd66c7dcac537a4eeed941f4ead56667cca173e0e3553?s=100&#038;d=mm&#038;r=g' srcset='https:\/\/secure.gravatar.com\/avatar\/491bbb90f0949215218dd66c7dcac537a4eeed941f4ead56667cca173e0e3553?s=200&#038;d=mm&#038;r=g 2x' class='avatar avatar-100 photo' height='100' width='100' \/>\t\t\t\t\t<p>Actualmente estudio el m\u00e1ster Ecommaster para formarme en todos los campos relacionados con el comercio web. Busco aprender siempre de nuevos metodos y herramientas para sacar el mayor partido al rendimiento de un sitio web.<\/p>\n<p>Creo que WordPress ofrece entre otras ventajas, su gran comunidad. Por ello tambi\u00e9n colaboro en la organizaci\u00f3n de los Meet Up de WP Alicante para poder crear a nivel local una comunidad de colaboraci\u00f3n y aprendizaje rodeando esta plataforma.<\/p>\n\t\t\t\t<\/div>\n\t\t\t<\/div>\n\n\t\t\n\t<\/div><!-- .wcorg-organizers -->\n\t\n","protected":false},"excerpt":{"rendered":"","protected":false},"author":8958177,"featured_media":0,"parent":0,"menu_order":0,"comment_status":"closed","ping_status":"open","template":"","meta":{"_crdt_document":"","jetpack_post_was_ever_published":false,"footnotes":""},"class_list":["post-2","page","type-page","status-publish","hentry"],"jetpack_sharing_enabled":true,"jetpack_shortlink":"https:\/\/wp.me\/P7X54a-2","_links":{"self":[{"href":"https:\/\/alicante.wordcamp.org\/2017\/wp-json\/wp\/v2\/pages\/2","targetHints":{"allow":["GET"]}}],"collection":[{"href":"https:\/\/alicante.wordcamp.org\/2017\/wp-json\/wp\/v2\/pages"}],"about":[{"href":"https:\/\/alicante.wordcamp.org\/2017\/wp-json\/wp\/v2\/types\/page"}],"author":[{"embeddable":true,"href":"https:\/\/alicante.wordcamp.org\/2017\/wp-json\/wp\/v2\/users\/8958177"}],"replies":[{"embeddable":true,"href":"https:\/\/alicante.wordcamp.org\/2017\/wp-json\/wp\/v2\/comments?post=2"}],"version-history":[{"count":3,"href":"https:\/\/alicante.wordcamp.org\/2017\/wp-json\/wp\/v2\/pages\/2\/revisions"}],"predecessor-version":[{"id":336,"href":"https:\/\/alicante.wordcamp.org\/2017\/wp-json\/wp\/v2\/pages\/2\/revisions\/336"}],"wp:attachment":[{"href":"https:\/\/alicante.wordcamp.org\/2017\/wp-json\/wp\/v2\/media?parent=2"}],"curies":[{"name":"wp","href":"https:\/\/api.w.org\/{rel}","templated":true}]}}