{"id":31,"date":"2016-11-10T12:02:00","date_gmt":"2016-11-10T11:02:00","guid":{"rendered":"http:\/\/2017.alicante.wordcamp.org\/?page_id=31"},"modified":"2017-01-30T10:46:54","modified_gmt":"2017-01-30T09:46:54","slug":"programa","status":"publish","type":"page","link":"https:\/\/alicante.wordcamp.org\/2017\/programa\/","title":{"rendered":"Programa"},"content":{"rendered":"<table class=\"wcpt-schedule\" border=\"0\"><thead><tr><th class=\"wcpt-col-time\">Hora<\/th><th class=\"wcpt-col-track\"> <span class=\"wcpt-track-name\">Track 1<\/span> <span class=\"wcpt-track-description\"><\/span> <\/th><\/tr><\/thead><tbody><tr class=\"wcpt-time-830am global-session recpecin-visitantes\"><td class=\"wcpt-time\">8:30&nbsp;am<\/td><td colspan=\"1\" class=\"wcb-track-track-1 wcpt-session-type-custom wcb-session-recpecion-visitantes\" data-track-title=\"Track 1\" data-session-id=\"641\"><div class=\"wcb-session-cell-content\"><span class=\"wcpt-session-title\">Recpeci\u00f3n visitantes<\/span><\/div><\/td><\/tr><tr class=\"wcpt-time-900am global-session bienvenida\"><td class=\"wcpt-time\">9:00&nbsp;am<\/td><td colspan=\"1\" class=\"wcb-track-track-1 wcpt-session-type-session wcb-session-bienvenida\" data-track-title=\"Track 1\" data-session-id=\"640\"><div class=\"wcb-session-cell-content\"><a class=\"wcpt-session-title\" href=\"https:\/\/alicante.wordcamp.org\/2017\/session\/bienvenida\/\">Bienvenida<\/a><\/div><div class=\"wcb-session-favourite-icon\"><a href=\"#\" role=\"button\" class=\"fav-session-button\" aria-pressed=\"false\"><span class=\"screen-reader-text\">Sesi\u00f3n favorita: Bienvenida<\/span><span class=\"dashicons dashicons-star-filled\"><\/span><\/a><\/div><\/td><\/tr><tr class=\"wcpt-time-930am global-session mejores-prcticas-en-desarrollo-wordpress\"><td class=\"wcpt-time\">9:30&nbsp;am<\/td><td colspan=\"1\" class=\"wcb-speaker-lucy-tomas wcb-track-track-1 wcpt-session-type-session wcb-session-mejores-practicas-en-desarrollo-wordpress\" data-track-title=\"Track 1\" data-session-id=\"639\"><div class=\"wcb-session-cell-content\"><a class=\"wcpt-session-title\" href=\"https:\/\/alicante.wordcamp.org\/2017\/session\/mejores-practicas-en-desarrollo-wordpress\/\">Mejores pr\u00e1cticas en desarrollo WordPress<\/a> <span class=\"wcpt-session-speakers\"><a href=\"https:\/\/alicante.wordcamp.org\/2017\/ponentes\/#wcorg-speaker-lucy-tomas\">Lucy Tom\u00e1s<\/a><\/span><\/div><div class=\"wcb-session-favourite-icon\"><a href=\"#\" role=\"button\" class=\"fav-session-button\" aria-pressed=\"false\"><span class=\"screen-reader-text\">Sesi\u00f3n favorita: Mejores pr\u00e1cticas en desarrollo WordPress<\/span><span class=\"dashicons dashicons-star-filled\"><\/span><\/a><\/div><\/td><\/tr><tr class=\"wcpt-time-1015am global-session wpo-web-performance-optimization\"><td class=\"wcpt-time\">10:15&nbsp;am<\/td><td colspan=\"1\" class=\"wcb-speaker-juan-segui wcb-track-track-1 wcpt-session-type-session wcb-session-wpo-web-performance-optimization\" data-track-title=\"Track 1\" data-session-id=\"638\"><div class=\"wcb-session-cell-content\"><a class=\"wcpt-session-title\" href=\"https:\/\/alicante.wordcamp.org\/2017\/session\/wpo-web-performance-optimization\/\">WPO (Web Performance Optimization)<\/a> <span class=\"wcpt-session-speakers\"><a href=\"https:\/\/alicante.wordcamp.org\/2017\/ponentes\/#wcorg-speaker-juan-segui\">Juan Segu\u00ed<\/a><\/span><\/div><div class=\"wcb-session-favourite-icon\"><a href=\"#\" role=\"button\" class=\"fav-session-button\" aria-pressed=\"false\"><span class=\"screen-reader-text\">Sesi\u00f3n favorita: WPO (Web Performance Optimization)<\/span><span class=\"dashicons dashicons-star-filled\"><\/span><\/a><\/div><\/td><\/tr><tr class=\"wcpt-time-1100am global-session descanso-cafe-networking\"><td class=\"wcpt-time\">11:00&nbsp;am<\/td><td colspan=\"1\" class=\"wcb-track-track-1 wcpt-session-type-custom wcb-session-descanso-cafe-networking\" data-track-title=\"Track 1\" data-session-id=\"637\"><div class=\"wcb-session-cell-content\"><span class=\"wcpt-session-title\">Descanso &#8211; Cafe &#8211; networking<\/span><\/div><\/td><\/tr><tr class=\"wcpt-time-1200pm global-session de-ocio-a-negocio-rentabiliza-tu-pasin\"><td class=\"wcpt-time\">12:00&nbsp;pm<\/td><td colspan=\"1\" class=\"wcb-speaker-mercedes-romero wcb-speaker-roberto-miralles wcb-track-track-1 wcpt-session-type-session wcb-session-de-ocio-a-negocio-rentabiliza-tu-pasion\" data-track-title=\"Track 1\" data-session-id=\"632\"><div class=\"wcb-session-cell-content\"><a class=\"wcpt-session-title\" href=\"https:\/\/alicante.wordcamp.org\/2017\/session\/de-ocio-a-negocio-rentabiliza-tu-pasion\/\">De ocio a negocio. Rentabiliza tu pasi\u00f3n<\/a> <span class=\"wcpt-session-speakers\"><a href=\"https:\/\/alicante.wordcamp.org\/2017\/ponentes\/#wcorg-speaker-mercedes-romero\">Mercedes Romero<\/a>, <a href=\"https:\/\/alicante.wordcamp.org\/2017\/ponentes\/#wcorg-speaker-roberto-miralles\">Roberto Miralles<\/a><\/span><\/div><div class=\"wcb-session-favourite-icon\"><a href=\"#\" role=\"button\" class=\"fav-session-button\" aria-pressed=\"false\"><span class=\"screen-reader-text\">Sesi\u00f3n favorita: De ocio a negocio. Rentabiliza tu pasi\u00f3n<\/span><span class=\"dashicons dashicons-star-filled\"><\/span><\/a><\/div><\/td><\/tr><tr class=\"wcpt-time-1245pm global-session wordpress-sin-lmites-del-proyecto-personal-al-proyecto-enterprise\"><td class=\"wcpt-time\">12:45&nbsp;pm<\/td><td colspan=\"1\" class=\"wcb-speaker-jose-ramon-padron-garcia wcb-track-track-1 wcpt-session-type-session wcb-session-wordpress-sin-limites-del-proyecto-personal-al-proyecto-enterprise\" data-track-title=\"Track 1\" data-session-id=\"635\"><div class=\"wcb-session-cell-content\"><a class=\"wcpt-session-title\" href=\"https:\/\/alicante.wordcamp.org\/2017\/session\/wordpress-sin-limites-del-proyecto-personal-al-proyecto-enterprise\/\">WordPress sin l\u00edmites: Del proyecto personal al Proyecto Enterprise<\/a> <span class=\"wcpt-session-speakers\"><a href=\"https:\/\/alicante.wordcamp.org\/2017\/ponentes\/#wcorg-speaker-jose-ramon-padron-garcia\">Jos\u00e9 Ram\u00f3n Padr\u00f3n Garc\u00eda (@monchomad)<\/a><\/span><\/div><div class=\"wcb-session-favourite-icon\"><a href=\"#\" role=\"button\" class=\"fav-session-button\" aria-pressed=\"false\"><span class=\"screen-reader-text\">Sesi\u00f3n favorita: WordPress sin l\u00edmites: Del proyecto personal al Proyecto Enterprise<\/span><span class=\"dashicons dashicons-star-filled\"><\/span><\/a><\/div><\/td><\/tr><tr class=\"wcpt-time-130pm global-session de-html-a-wordpress\"><td class=\"wcpt-time\">1:30&nbsp;pm<\/td><td colspan=\"1\" class=\"wcb-speaker-dario-bf wcb-track-track-1 wcpt-session-type-session wcb-session-de-html-a-wordpress\" data-track-title=\"Track 1\" data-session-id=\"634\"><div class=\"wcb-session-cell-content\"><a class=\"wcpt-session-title\" href=\"https:\/\/alicante.wordcamp.org\/2017\/session\/de-html-a-wordpress\/\">De HTML a WordPress<\/a> <span class=\"wcpt-session-speakers\"><a href=\"https:\/\/alicante.wordcamp.org\/2017\/ponentes\/#wcorg-speaker-dario-bf\">Dario BF<\/a><\/span><\/div><div class=\"wcb-session-favourite-icon\"><a href=\"#\" role=\"button\" class=\"fav-session-button\" aria-pressed=\"false\"><span class=\"screen-reader-text\">Sesi\u00f3n favorita: De HTML a WordPress<\/span><span class=\"dashicons dashicons-star-filled\"><\/span><\/a><\/div><\/td><\/tr><tr class=\"wcpt-time-215pm global-session comida\"><td class=\"wcpt-time\">2:15&nbsp;pm<\/td><td colspan=\"1\" class=\"wcb-track-track-1 wcpt-session-type-custom wcb-session-comida\" data-track-title=\"Track 1\" data-session-id=\"633\"><div class=\"wcb-session-cell-content\"><span class=\"wcpt-session-title\">Comida<\/span><\/div><\/td><\/tr><tr class=\"wcpt-time-330pm global-session el-abc-de-los-membership-sites\"><td class=\"wcpt-time\">3:30&nbsp;pm<\/td><td colspan=\"1\" class=\"wcb-speaker-joan-boluda wcb-track-track-1 wcpt-session-type-session wcb-session-el-abc-de-los-membership-sites\" data-track-title=\"Track 1\" data-session-id=\"636\"><div class=\"wcb-session-cell-content\"><a class=\"wcpt-session-title\" href=\"https:\/\/alicante.wordcamp.org\/2017\/session\/el-abc-de-los-membership-sites\/\">El ABC de los membership sites<\/a> <span class=\"wcpt-session-speakers\"><a href=\"https:\/\/alicante.wordcamp.org\/2017\/ponentes\/#wcorg-speaker-joan-boluda\">Joan Boluda<\/a><\/span><\/div><div class=\"wcb-session-favourite-icon\"><a href=\"#\" role=\"button\" class=\"fav-session-button\" aria-pressed=\"false\"><span class=\"screen-reader-text\">Sesi\u00f3n favorita: El ABC de los membership sites<\/span><span class=\"dashicons dashicons-star-filled\"><\/span><\/a><\/div><\/td><\/tr><tr class=\"wcpt-time-415pm global-session de-la-idea-al-mercado-con-wordpress\"><td class=\"wcpt-time\">4:15&nbsp;pm<\/td><td colspan=\"1\" class=\"wcb-speaker-carlos-ruiz-ruso wcb-track-track-1 wcpt-session-type-session wcb-session-de-la-idea-al-mercado-con-wordpress\" data-track-title=\"Track 1\" data-session-id=\"631\"><div class=\"wcb-session-cell-content\"><a class=\"wcpt-session-title\" href=\"https:\/\/alicante.wordcamp.org\/2017\/session\/de-la-idea-al-mercado-con-wordpress\/\">De la idea al mercado con  WordPress<\/a> <span class=\"wcpt-session-speakers\"><a href=\"https:\/\/alicante.wordcamp.org\/2017\/ponentes\/#wcorg-speaker-carlos-ruiz-ruso\">Carlos Ruiz Ruso<\/a><\/span><\/div><div class=\"wcb-session-favourite-icon\"><a href=\"#\" role=\"button\" class=\"fav-session-button\" aria-pressed=\"false\"><span class=\"screen-reader-text\">Sesi\u00f3n favorita: De la idea al mercado con  WordPress<\/span><span class=\"dashicons dashicons-star-filled\"><\/span><\/a><\/div><\/td><\/tr><tr class=\"wcpt-time-500pm global-session retos-de-wordpress-en-2017\"><td class=\"wcpt-time\">5:00&nbsp;pm<\/td><td colspan=\"1\" class=\"wcb-speaker-fernando-tellado wcb-track-track-1 wcpt-session-type-session wcb-session-retos-de-wordpress-en-2017\" data-track-title=\"Track 1\" data-session-id=\"630\"><div class=\"wcb-session-cell-content\"><a class=\"wcpt-session-title\" href=\"https:\/\/alicante.wordcamp.org\/2017\/session\/retos-de-wordpress-en-2017\/\">Retos de WordPress en 2017<\/a> <span class=\"wcpt-session-speakers\"><a href=\"https:\/\/alicante.wordcamp.org\/2017\/ponentes\/#wcorg-speaker-fernando-tellado\">Fernando Tellado<\/a><\/span><\/div><div class=\"wcb-session-favourite-icon\"><a href=\"#\" role=\"button\" class=\"fav-session-button\" aria-pressed=\"false\"><span class=\"screen-reader-text\">Sesi\u00f3n favorita: Retos de WordPress en 2017<\/span><span class=\"dashicons dashicons-star-filled\"><\/span><\/a><\/div><\/td><\/tr><tr class=\"wcpt-time-545pm global-session descanso-merienda-networking\"><td class=\"wcpt-time\">5:45&nbsp;pm<\/td><td colspan=\"1\" class=\"wcb-track-track-1 wcpt-session-type-custom wcb-session-descanso-merienda-networking\" data-track-title=\"Track 1\" data-session-id=\"629\"><div class=\"wcb-session-cell-content\"><span class=\"wcpt-session-title\">Descanso &#8211; Merienda &#8211; networking<\/span><\/div><\/td><\/tr><tr class=\"wcpt-time-600pm global-session optimiza-tu-wordpress-para-mviles-en-media-hora-con-amp-accelerated-mobile-pages\"><td class=\"wcpt-time\">6:00&nbsp;pm<\/td><td colspan=\"1\" class=\"wcb-speaker-fernando-serer wcb-track-track-1 wcpt-session-type-session wcb-session-optimiza-tu-wordpress-para-moviles-en-media-hora-con-amp-accelerated-mobile-pages\" data-track-title=\"Track 1\" data-session-id=\"627\"><div class=\"wcb-session-cell-content\"><a class=\"wcpt-session-title\" href=\"https:\/\/alicante.wordcamp.org\/2017\/session\/optimiza-tu-wordpress-para-moviles-en-media-hora-con-amp-accelerated-mobile-pages\/\">Optimiza tu WordPress para m\u00f3viles en media hora con AMP  (Accelerated Mobile Pages)<\/a> <span class=\"wcpt-session-speakers\"><a href=\"https:\/\/alicante.wordcamp.org\/2017\/ponentes\/#wcorg-speaker-fernando-serer\">Fernando Serer<\/a><\/span><\/div><div class=\"wcb-session-favourite-icon\"><a href=\"#\" role=\"button\" class=\"fav-session-button\" aria-pressed=\"false\"><span class=\"screen-reader-text\">Sesi\u00f3n favorita: Optimiza tu WordPress para m\u00f3viles en media hora con AMP  (Accelerated Mobile Pages)<\/span><span class=\"dashicons dashicons-star-filled\"><\/span><\/a><\/div><\/td><\/tr><tr class=\"wcpt-time-645pm global-session crea-tu-escuela-de-formacin-en-wordpress-estrategias-para-vender-cursos\"><td class=\"wcpt-time\">6:45&nbsp;pm<\/td><td colspan=\"1\" class=\"wcb-speaker-miguel-florido wcb-track-track-1 wcpt-session-type-session wcb-session-miguel-florido\" data-track-title=\"Track 1\" data-session-id=\"625\"><div class=\"wcb-session-cell-content\"><a class=\"wcpt-session-title\" href=\"https:\/\/alicante.wordcamp.org\/2017\/session\/miguel-florido\/\">Crea tu escuela de formaci\u00f3n en WordPress: estrategias para vender cursos<\/a> <span class=\"wcpt-session-speakers\"><a href=\"https:\/\/alicante.wordcamp.org\/2017\/ponentes\/#wcorg-speaker-miguel-florido\">Miguel Florido<\/a><\/span><\/div><div class=\"wcb-session-favourite-icon\"><a href=\"#\" role=\"button\" class=\"fav-session-button\" aria-pressed=\"false\"><span class=\"screen-reader-text\">Sesi\u00f3n favorita: Crea tu escuela de formaci\u00f3n en WordPress: estrategias para vender cursos<\/span><span class=\"dashicons dashicons-star-filled\"><\/span><\/a><\/div><\/td><\/tr><tr class=\"wcpt-time-730pm global-session despedida-y-foto\"><td class=\"wcpt-time\">7:30&nbsp;pm<\/td><td colspan=\"1\" class=\"wcb-track-track-1 wcpt-session-type-custom wcb-session-despedida-y-foto\" data-track-title=\"Track 1\" data-session-id=\"623\"><div class=\"wcb-session-cell-content\"><span class=\"wcpt-session-title\">Despedida y Foto<\/span><\/div><\/td><\/tr><\/tbody><\/table>\n\t<div class=\"email-form fav-session-email-form-hide\">\n\t\t<!-- Tab links -->\n\t\t<div class=\"fav-session-share-tab\">\n\t\t\t\t\t\t\t<div class=\"fav-session-tablinks\" id=\"fav-session-btn-email\">\n\t\t\t\t\tCorreo electr\u00f3nico\t\t\t\t<\/div>\n\t\t\t\n\t\t\t<div class=\"fav-session-tablinks\" id=\"fav-session-btn-link\">\n\t\t\t\tEnlace\t\t\t<\/div>\n\n\t\t\t<div class=\"fav-session-tablinks\" id=\"fav-session-btn-print\">\n\t\t\t\tImprimir\t\t\t<\/div>\n\t\t<\/div>\n\n\t\t<!-- Tab content -->\n\t\t\t\t\t<div id=\"fav-session-tab-email\" class=\"fav-session-share-tabcontent\">\n\t\t\t\t<div id=\"fav-session-email-form\">\n\t\t\t\t\tEnv\u00edame mis sesiones favoritas:\n\t\t\t\t\t<form id=\"fav-sessions-form\">\n\t\t\t\t\t\t<input\n\t\t\t\t\t\t\ttype=\"text\"\n\t\t\t\t\t\t\tname=\"email_address\"\n\t\t\t\t\t\t\tid=\"fav-sessions-email-address\"\n\t\t\t\t\t\t\tplaceholder=\"me@protonmail.com\"\n\t\t\t\t\t\t\/>\n\t\t\t\t\t\t<input type=\"submit\" value=\"Enviar\" \/>\n\t\t\t\t\t<\/form>\n\t\t\t\t<\/div>\n\n\t\t\t\t<div class=\"fav-session-email-wait-spinner\"><\/div>\n\t\t\t\t<div class=\"fav-session-email-result\"><\/div>\n\t\t\t<\/div>\n\t\t\n\t\t<div id=\"fav-session-tab-link\" class=\"fav-session-share-tabcontent\">\n\t\t\tEnlace compartible:\t\t\t<br \/>\n\t\t\t<a id=\"fav-sessions-link\" href=\"\"><\/a>\n\t\t<\/div>\n\n\t\t<div id=\"fav-session-tab-print\" class=\"fav-session-share-tabcontent\">\n\t\t\t<button id=\"fav-session-print\">\n\t\t\t\tImprimir sesiones favoritas\t\t\t<\/button>\n\t\t<\/div>\n\t<\/div>\n\n\t<a class=\"show-email-form\" href=\"javascript:\">\n\t\t<span class=\"dashicons dashicons-star-filled\"><\/span>\n\t\t<span class=\"dashicons dashicons-email-alt\"><\/span>\n\t<\/a>\n\n\t\n","protected":false},"excerpt":{"rendered":"","protected":false},"author":10787905,"featured_media":0,"parent":0,"menu_order":0,"comment_status":"closed","ping_status":"closed","template":"","meta":{"_crdt_document":"","jetpack_post_was_ever_published":false,"footnotes":""},"class_list":["post-31","page","type-page","status-publish","hentry"],"jetpack_sharing_enabled":true,"jetpack_shortlink":"https:\/\/wp.me\/P7X54a-v","_links":{"self":[{"href":"https:\/\/alicante.wordcamp.org\/2017\/wp-json\/wp\/v2\/pages\/31","targetHints":{"allow":["GET"]}}],"collection":[{"href":"https:\/\/alicante.wordcamp.org\/2017\/wp-json\/wp\/v2\/pages"}],"about":[{"href":"https:\/\/alicante.wordcamp.org\/2017\/wp-json\/wp\/v2\/types\/page"}],"author":[{"embeddable":true,"href":"https:\/\/alicante.wordcamp.org\/2017\/wp-json\/wp\/v2\/users\/10787905"}],"replies":[{"embeddable":true,"href":"https:\/\/alicante.wordcamp.org\/2017\/wp-json\/wp\/v2\/comments?post=31"}],"version-history":[{"count":4,"href":"https:\/\/alicante.wordcamp.org\/2017\/wp-json\/wp\/v2\/pages\/31\/revisions"}],"predecessor-version":[{"id":657,"href":"https:\/\/alicante.wordcamp.org\/2017\/wp-json\/wp\/v2\/pages\/31\/revisions\/657"}],"wp:attachment":[{"href":"https:\/\/alicante.wordcamp.org\/2017\/wp-json\/wp\/v2\/media?parent=31"}],"curies":[{"name":"wp","href":"https:\/\/api.w.org\/{rel}","templated":true}]}}