{"id":527,"date":"2017-01-26T08:20:17","date_gmt":"2017-01-26T08:20:17","guid":{"rendered":"http:\/\/2017.alicante.wordcamp.org\/?page_id=527"},"modified":"2017-01-29T17:40:28","modified_gmt":"2017-01-29T17:40:28","slug":"ponentes","status":"publish","type":"page","link":"https:\/\/alicante.wordcamp.org\/2017\/ponentes\/","title":{"rendered":"Ponentes"},"content":{"rendered":"\n\t<div class=\"wcorg-speakers\">\n\n\t\t\n\t\t\t<!-- Organizers note: The id attribute is deprecated and only remains for backwards compatibility, please use the corresponding class to target individual speakers -->\n\t\t\t<div id=\"wcorg-speaker-miguel-florido\" class=\"wcorg-speaker wcorg-speaker-miguel-florido wcorg-track-track-1\">\n\t\t\t\t<h2>\n\t\t\t\t\t\n\t\t\t\t\t\tMiguel Florido\n\t\t\t\t\t\t\t\t\t<\/h2>\n\n\t\t\t\t<div class=\"wcorg-speaker-description\">\n\t\t\t\t\t<img alt='' src='https:\/\/secure.gravatar.com\/avatar\/fbd2dcf71a729587574172550e5a0755a4c21f19defe7ad0357f0ab5e7844638?s=100&#038;d=mm&#038;r=g' srcset='https:\/\/secure.gravatar.com\/avatar\/fbd2dcf71a729587574172550e5a0755a4c21f19defe7ad0357f0ab5e7844638?s=200&#038;d=mm&#038;r=g 2x' class='avatar avatar-100 photo' height='100' width='100' \/>\t\t\t\t\t<p>Consultor de Marketing Digital y Social Media. CEO y creador del <a href=\"http:\/\/www.marketingandweb.es\/\">Blog de Marketing and Web<\/a>. Profesor en diferentes Universidades y Escuelas de Negocio por toda Espa\u00f1a.<\/p>\n\t\t\t\t<\/div>\n\t\t\t<\/div>\n\n\t\t\n\t\t\t<!-- Organizers note: The id attribute is deprecated and only remains for backwards compatibility, please use the corresponding class to target individual speakers -->\n\t\t\t<div id=\"wcorg-speaker-lucy-tomas\" class=\"wcorg-speaker wcorg-speaker-lucy-tomas wcorg-track-track-1\">\n\t\t\t\t<h2>\n\t\t\t\t\t\n\t\t\t\t\t\tLucy Tom\u00e1s\n\t\t\t\t\t\t\t\t\t<\/h2>\n\n\t\t\t\t<div class=\"wcorg-speaker-description\">\n\t\t\t\t\t<img alt='' src='https:\/\/secure.gravatar.com\/avatar\/a4be696419d297b3bfeb5aa8ade047f0af98eaa4fa0eb3b77f69b5528b73a11e?s=100&#038;d=mm&#038;r=g' srcset='https:\/\/secure.gravatar.com\/avatar\/a4be696419d297b3bfeb5aa8ade047f0af98eaa4fa0eb3b77f69b5528b73a11e?s=200&#038;d=mm&#038;r=g 2x' class='avatar avatar-100 photo' height='100' width='100' \/>\t\t\t\t\t<p>Hace 3 a\u00f1os que Lucy descubri\u00f3 y se enamor\u00f3 de esta poderosa herramienta que es WordPress, y sobre todo, de su comunidad donde a d\u00eda de hoy es un miembro activo co-organizando el grupo meetup WordPress Valencia entre otras cosas.<\/p>\n<p>Esta convencida de que contribuyendo es la mejor manera de mantener el open source vivo y mantenerse involucrada es una de las mejores maneras para continuar aprendiendo y de mantenerse informada de todas las novedades en WordPress.<\/p>\n<p>Despu\u00e9s de casi 10 a\u00f1os de experiencia decidi\u00f3 que era el momento de emprenderse como aut\u00f3noma. Durante ese periodo se cruz\u00f3 con 10up, una empresa l\u00edder proveedora de servicios digitales y partners de WordPress VIP, donde actualmente trabaja como Web Engineer y sigue creciendo junto a un equipo de profesionales de alto nivel.<\/p>\n<p>Saluda a Lucy en su Twitter @_lucymtc<\/p>\n\t\t\t\t<\/div>\n\t\t\t<\/div>\n\n\t\t\n\t\t\t<!-- Organizers note: The id attribute is deprecated and only remains for backwards compatibility, please use the corresponding class to target individual speakers -->\n\t\t\t<div id=\"wcorg-speaker-roberto-miralles\" class=\"wcorg-speaker wcorg-speaker-roberto-miralles wcorg-track-track-1\">\n\t\t\t\t<h2>\n\t\t\t\t\t\n\t\t\t\t\t\tRoberto Miralles\n\t\t\t\t\t\t\t\t\t<\/h2>\n\n\t\t\t\t<div class=\"wcorg-speaker-description\">\n\t\t\t\t\t<img alt='' src='https:\/\/secure.gravatar.com\/avatar\/b127c7c33e57fdf9c9d271ae5ded1abce53be2d1acb3b2c792e7df08de69e293?s=100&#038;d=mm&#038;r=g' srcset='https:\/\/secure.gravatar.com\/avatar\/b127c7c33e57fdf9c9d271ae5ded1abce53be2d1acb3b2c792e7df08de69e293?s=200&#038;d=mm&#038;r=g 2x' class='avatar avatar-100 photo' height='100' width='100' \/>\t\t\t\t\t<p>Soy dise\u00f1ador web en el estudio de desarrollo web <a href=\"http:\/\/www.blogalizate.com\/\">blogalizate<\/a>, que comparto con <a href=\"http:\/\/www.blogalizate.com\/sobre-blogalizate\/\">Mercedes Romero<\/a>, y estoy especializado en <strong>WordPress<\/strong>, con el que trabajo cada d\u00eda desde que me levanto, hasta que me acuesto.<\/p>\n<p>Cada vez que un cliente me propone un proyecto web, siempre ofrezco una soluci\u00f3n basada en <strong>WordPress<\/strong>, ya que es soy un firme defensor del emprendimiento digital a trav\u00e9s del software libre y muy especialmente del <strong>emprendimiento con WordPress<\/strong>.<\/p>\n<p>Me encanta hablar y relacionarme con personas que comparten mis mismos intereses e inquietudes, con los que comparto mi experiencia en el desarrollo de negocios basados en WordPress. Como dato interesante, mi primera empresa la cre\u00e9 a los 25 a\u00f1os, cuando muy pocos j\u00f3venes emprend\u00edan, y desde entonces siempre he sido mi propio jefe.<\/p>\n<p>He colaborado en diferentes ocasiones ofreciendo charlas en WordCamp y meetup a lo largo y ancho de toda Espa\u00f1a, siendo el fundador, junto a Mercedes Romero de la <a href=\"https:\/\/www.meetup.com\/es-ES\/WordPress-Meetup-Marbella\/\">WordPress Meetup Marbella<\/a> (M\u00e1laga). Actualmente estamos organizando la <a href=\"https:\/\/www.meetup.com\/es-ES\/WordPress-Meetup-Chiclana\/\">WordPress Meetup Chiclana<\/a> (C\u00e1diz)<\/p>\n\t\t\t\t<\/div>\n\t\t\t<\/div>\n\n\t\t\n\t\t\t<!-- Organizers note: The id attribute is deprecated and only remains for backwards compatibility, please use the corresponding class to target individual speakers -->\n\t\t\t<div id=\"wcorg-speaker-mercedes-romero\" class=\"wcorg-speaker wcorg-speaker-mercedes-romero wcorg-track-track-1\">\n\t\t\t\t<h2>\n\t\t\t\t\t\n\t\t\t\t\t\tMercedes Romero\n\t\t\t\t\t\t\t\t\t<\/h2>\n\n\t\t\t\t<div class=\"wcorg-speaker-description\">\n\t\t\t\t\t<img alt='' src='https:\/\/secure.gravatar.com\/avatar\/24f9c47c8104b9988ac0b2e6fe1d29e8edda4d77c61f621b41a7f5c0b9a7d3ad?s=100&#038;d=mm&#038;r=g' srcset='https:\/\/secure.gravatar.com\/avatar\/24f9c47c8104b9988ac0b2e6fe1d29e8edda4d77c61f621b41a7f5c0b9a7d3ad?s=200&#038;d=mm&#038;r=g 2x' class='avatar avatar-100 photo' height='100' width='100' \/>\t\t\t\t\t<p>Soy desarrolladora especializada en <strong>WordPress<\/strong> y dedico cada d\u00eda a desarrollar sitios hechos exclusivamente con WordPress para clientes de todo el mundo, en el estudio de desarrollo web <a href=\"http:\/\/www.blogalizate.com\/\">blogalizate<\/a>, junto a <a href=\"http:\/\/www.blogalizate.com\/sobre-blogalizate\/\">Roberto Miralles<\/a>.<\/p>\n<p>Me gusta adentrarme en las entra\u00f1as del c\u00f3digo y obtener de WordPress todo su potencial.<\/p>\n<p>Otra de mis facetas es la de formadora y comunicadora, ya que disfruto ense\u00f1ando a los dem\u00e1s aquello que yo, a mi vez, ha aprendido de mis mentores.<\/p>\n<p><strong>Colaboro con la<\/strong> <strong>comunidad WordPress de Espa\u00f1a<\/strong> impartiendo charlas y ponencias en <strong>WordCamps y meetups<\/strong>. Adem\u00e1s soy fundadora, junto a Roberto Miralles de la <strong>WordPress Meetup Marbella<\/strong> (M\u00e1laga) y la <strong>WordPress Meetup Chiclana<\/strong> (C\u00e1diz).<\/p>\n<p>Soy emprendedora por naturaleza y cuento con una experiencia de m\u00e1s de 20 a\u00f1os en la creaci\u00f3n de negocios de \u00e9xito.<\/p>\n<p>Por cierto, soy \u00abMac-era\u00bb convencida, y una de mis herramientas preferidas es SublimeText, con el que trabajo el 90% del tiempo.<\/p>\n\t\t\t\t<\/div>\n\t\t\t<\/div>\n\n\t\t\n\t\t\t<!-- Organizers note: The id attribute is deprecated and only remains for backwards compatibility, please use the corresponding class to target individual speakers -->\n\t\t\t<div id=\"wcorg-speaker-dario-bf\" class=\"wcorg-speaker wcorg-speaker-dario-bf wcorg-track-track-1\">\n\t\t\t\t<h2>\n\t\t\t\t\t\n\t\t\t\t\t\tDario BF\n\t\t\t\t\t\t\t\t\t<\/h2>\n\n\t\t\t\t<div class=\"wcorg-speaker-description\">\n\t\t\t\t\t<img alt='' src='https:\/\/secure.gravatar.com\/avatar\/53443b120e5aad0535b9f42c9c602726b09600ab12c1038eeef133dbe35f3456?s=100&#038;d=mm&#038;r=g' srcset='https:\/\/secure.gravatar.com\/avatar\/53443b120e5aad0535b9f42c9c602726b09600ab12c1038eeef133dbe35f3456?s=200&#038;d=mm&#038;r=g 2x' class='avatar avatar-100 photo' height='100' width='100' \/>\t\t\t\t\t<p>En la red lo conocer\u00e1s como DarioBF. Dise\u00f1ador y desarrollador UI \/ UX, consultor y programador <a href=\"https:\/\/www.dariobf.com\">especializado en WordPress<\/a> de profesi\u00f3n.<\/p>\n<p>Est\u00e1 especializado en optimizaci\u00f3n de aplicaciones web, tambi\u00e9n conocido como WPO (Web Performance Optimization), un \u00e1rea importante para mejorar tanto la experiencia de usuario como el SEO.<\/p>\n<p>Tambi\u00e9n es formador en algunas empresas del sector, a quienes introduce y asesora en el desarrollo de aplicaciones web con WordPress.<\/p>\n<p>Actualmente colabora con la red de blogs <a href=\"http:\/\/www.actualidadblog.com\">Actualidad Blog<\/a> como dise\u00f1ador y desarrollador UI\/UX; donde administra, optimiza y gestiona m\u00e1s de 50 blogs.<\/p>\n<p>Dar\u00edo tambi\u00e9n participa activamente en la comunidad WordPress como GTE de las traducciones es_ES, administrando varios grupos, realizando theme reviews y ayudando en la administraci\u00f3n del sitio de WordPress en Espa\u00f1ol.<\/p>\n\t\t\t\t<\/div>\n\t\t\t<\/div>\n\n\t\t\n\t\t\t<!-- Organizers note: The id attribute is deprecated and only remains for backwards compatibility, please use the corresponding class to target individual speakers -->\n\t\t\t<div id=\"wcorg-speaker-joan-boluda\" class=\"wcorg-speaker wcorg-speaker-joan-boluda wcorg-track-track-1\">\n\t\t\t\t<h2>\n\t\t\t\t\t\n\t\t\t\t\t\tJoan Boluda\n\t\t\t\t\t\t\t\t\t<\/h2>\n\n\t\t\t\t<div class=\"wcorg-speaker-description\">\n\t\t\t\t\t<img alt='' src='https:\/\/secure.gravatar.com\/avatar\/74c9c0a9659507085e807b375628a9bbb81caba6e146f409ed6b627d2c86894d?s=100&#038;d=mm&#038;r=g' srcset='https:\/\/secure.gravatar.com\/avatar\/74c9c0a9659507085e807b375628a9bbb81caba6e146f409ed6b627d2c86894d?s=200&#038;d=mm&#038;r=g 2x' class='avatar avatar-100 photo' height='100' width='100' \/>\t\t\t\t\t<p>Consultor de marketing online, formador especializado en marketing digital y profesor asociado en ESADE Executive Education. CEO de boluda.com, plataforma de cursos online de marketing y desarrollo web. Actualmente se le puede escuchar cada d\u00eda a las 07:07 en su podcast Marketing Online.<\/p>\n\t\t\t\t<\/div>\n\t\t\t<\/div>\n\n\t\t\n\t\t\t<!-- Organizers note: The id attribute is deprecated and only remains for backwards compatibility, please use the corresponding class to target individual speakers -->\n\t\t\t<div id=\"wcorg-speaker-fernando-tellado\" class=\"wcorg-speaker wcorg-speaker-fernando-tellado wcorg-track-track-1\">\n\t\t\t\t<h2>\n\t\t\t\t\t\n\t\t\t\t\t\tFernando Tellado\n\t\t\t\t\t\t\t\t\t<\/h2>\n\n\t\t\t\t<div class=\"wcorg-speaker-description\">\n\t\t\t\t\t<img alt='' src='https:\/\/secure.gravatar.com\/avatar\/6ddc525ae47cdce6c4d632d40ad0ebdfa590fdb36dfca0c85a4cbd5cccaf5351?s=100&#038;d=mm&#038;r=g' srcset='https:\/\/secure.gravatar.com\/avatar\/6ddc525ae47cdce6c4d632d40ad0ebdfa590fdb36dfca0c85a4cbd5cccaf5351?s=200&#038;d=mm&#038;r=g 2x' class='avatar avatar-100 photo' height='100' width='100' \/>\t\t\t\t\t<p>Creador de Ayuda WordPress, divulgador y bloguero incansable de todo lo relacionado con la cultura digital desde hace a\u00f1os. Consultor, profesor y escritor, autor de libros como \u201cWordPress: La Tela de la ara\u00f1a\u201d y \u201c1.001 Trucos WordPress\u201c Miembro activo de la Comunidad WordPress, administrador del sitio oficial de WordPress Espa\u00f1a, validador de la traducci\u00f3n oficial de WordPress y moderador de los foros oficiales.<\/p>\n<p>Trabaja como profesor experto en contenidos digitales, estrategia social, por supuesto WordPress, y social media. Ha dirigido la red de blogs Medios y Redes, emprendedor y creador de varias empresas como Bisnis y BrainWare, ha asesorado sobre estrategia en medios sociales a empresas, sindicatos y partidos pol\u00edticos. Sobre todo, evangelizador y amante de WordPress.<\/p>\n\t\t\t\t<\/div>\n\t\t\t<\/div>\n\n\t\t\n\t\t\t<!-- Organizers note: The id attribute is deprecated and only remains for backwards compatibility, please use the corresponding class to target individual speakers -->\n\t\t\t<div id=\"wcorg-speaker-juan-segui\" class=\"wcorg-speaker wcorg-speaker-juan-segui wcorg-track-track-1\">\n\t\t\t\t<h2>\n\t\t\t\t\t\n\t\t\t\t\t\tJuan Segu\u00ed\n\t\t\t\t\t\t\t\t\t<\/h2>\n\n\t\t\t\t<div class=\"wcorg-speaker-description\">\n\t\t\t\t\t<img alt='' src='https:\/\/secure.gravatar.com\/avatar\/05edefd76e9c504ec6159c22e87dce8eca91cd4f0da93437c15f2a2b0f5baf08?s=100&#038;d=mm&#038;r=g' srcset='https:\/\/secure.gravatar.com\/avatar\/05edefd76e9c504ec6159c22e87dce8eca91cd4f0da93437c15f2a2b0f5baf08?s=200&#038;d=mm&#038;r=g 2x' class='avatar avatar-100 photo' height='100' width='100' \/>\t\t\t\t\t<p><a href=\"https:\/\/www.juansegui.net\">Emprendedor<\/a> y profesor. Ingeniero t\u00e9cnico de telecomunicaci\u00f3n e ingeniero superior en organizaci\u00f3n industrial por la Universidad Polit\u00e9cnica de Valencia (UPV) y m\u00e1ster en software libre por la Universitat Oberta de Catalunya (UOC).<\/p>\n<p><a href=\"https:\/\/www.juansegui.net\">Emprendedor<\/a> en serie, actualmente ha montado varias empresas en diferentes \u00e1mbitos. CEO de <a href=\"https:\/\/www.acceseo.com\/\" rel=\"nofollow\">acceseo<\/a>. Colabora como profesor en el M\u00e1ster en comercio electr\u00f3nico de la Universidad Polit\u00e9cnica de Valencia en el Programa Yuzz de Santander Universidades. Adem\u00e1s ha participado con ponente en diferentes eventos y conferencias.<\/p>\n<p>Actualmente entre Estados Unidos y Espa\u00f1a.<\/p>\n\t\t\t\t<\/div>\n\t\t\t<\/div>\n\n\t\t\n\t\t\t<!-- Organizers note: The id attribute is deprecated and only remains for backwards compatibility, please use the corresponding class to target individual speakers -->\n\t\t\t<div id=\"wcorg-speaker-carlos-ruiz-ruso\" class=\"wcorg-speaker wcorg-speaker-carlos-ruiz-ruso wcorg-track-track-1\">\n\t\t\t\t<h2>\n\t\t\t\t\t\n\t\t\t\t\t\tCarlos Ruiz Ruso\n\t\t\t\t\t\t\t\t\t<\/h2>\n\n\t\t\t\t<div class=\"wcorg-speaker-description\">\n\t\t\t\t\t<img alt='' src='https:\/\/secure.gravatar.com\/avatar\/4134490700dca04a0fb4d33a44db8fd15fd64d16e116df5ab00d0012ccbcd75d?s=100&#038;d=mm&#038;r=g' srcset='https:\/\/secure.gravatar.com\/avatar\/4134490700dca04a0fb4d33a44db8fd15fd64d16e116df5ab00d0012ccbcd75d?s=200&#038;d=mm&#038;r=g 2x' class='avatar avatar-100 photo' height='100' width='100' \/>\t\t\t\t\t<p>Consultor tecnol\u00f3gico, fundador de <a href=\"http:\/\/Micromante.com\">Micromante.com<\/a> y experto en tecnolog\u00edas abiertas, basadas en PHP y otros lenguajes. Como desarrollador prefiere usar frameworks y CMS, como herramientas para la creaci\u00f3n de proyectos en menor tiempo y con un mayor nivel de calidad. Tiene una larga trayectoria en el desarrollo de proyectos online y una aptitud de superaci\u00f3n personal, con la vista siempre puesta en la innovaci\u00f3n, la creatividad y el desarrollo de productos con las \u00faltimas tecnolog\u00edas del mercado.<\/p>\n\t\t\t\t<\/div>\n\t\t\t<\/div>\n\n\t\t\n\t\t\t<!-- Organizers note: The id attribute is deprecated and only remains for backwards compatibility, please use the corresponding class to target individual speakers -->\n\t\t\t<div id=\"wcorg-speaker-fernando-serer\" class=\"wcorg-speaker wcorg-speaker-fernando-serer wcorg-track-track-1\">\n\t\t\t\t<h2>\n\t\t\t\t\t\n\t\t\t\t\t\tFernando Serer\n\t\t\t\t\t\t\t\t\t<\/h2>\n\n\t\t\t\t<div class=\"wcorg-speaker-description\">\n\t\t\t\t\t<img alt='' src='https:\/\/secure.gravatar.com\/avatar\/bd1732345ce861d427c2c5322d4b8d4fd5b4f8f0e24d335d0d8a1619112c9c5d?s=100&#038;d=mm&#038;r=g' srcset='https:\/\/secure.gravatar.com\/avatar\/bd1732345ce861d427c2c5322d4b8d4fd5b4f8f0e24d335d0d8a1619112c9c5d?s=200&#038;d=mm&#038;r=g 2x' class='avatar avatar-100 photo' height='100' width='100' \/>\t\t\t\t\t<p>Fernando lleva trabajando con WordPress desde hace 12 a\u00f1os.<\/p>\n<p>Desde el a\u00f1o 2005 ofrece servicios de desarrollo y gesti\u00f3n de proyectos en Blogestudio.com, empresa pionera en Espa\u00f1a en la puesta en marcha de proyectos con WordPress, donde ha realizado proyectos para empresas como MoviStar, BBVA, Unidad Editorial, IE Business School, etc.<\/p>\n<p>Tambi\u00e9n es miembro activo de la comunidad de usuarios de WordPress en Espa\u00f1a, donde co-organiza WordPress Valencia (wpvalencia.org), echando una mano con las traducciones a Espa\u00f1ol u organizando los eventos WP Global Translation Day en Valencia.<\/p>\n<p>Tambi\u00e9n es ponente habitual y formador de WordPress y marketing online en escuelas de negocio como IEM BS, EEME BS o la C\u00e1mara de Comercio de Valencia.<\/p>\n<p>Puedes seguirle y saber m\u00e1s de \u00e9l en @fserer (twitter)<\/p>\n\t\t\t\t<\/div>\n\t\t\t<\/div>\n\n\t\t\n\t\t\t<!-- Organizers note: The id attribute is deprecated and only remains for backwards compatibility, please use the corresponding class to target individual speakers -->\n\t\t\t<div id=\"wcorg-speaker-jose-ramon-padron-garcia\" class=\"wcorg-speaker wcorg-speaker-jose-ramon-padron-garcia wcorg-track-track-1\">\n\t\t\t\t<h2>\n\t\t\t\t\t\n\t\t\t\t\t\tJos\u00e9 Ram\u00f3n Padr\u00f3n Garc\u00eda (@monchomad)\n\t\t\t\t\t\t\t\t\t<\/h2>\n\n\t\t\t\t<div class=\"wcorg-speaker-description\">\n\t\t\t\t\t<img alt='' src='https:\/\/secure.gravatar.com\/avatar\/b96138f8f41a63ffc23173ab3faa5e53ee0c39328a8fee3dcaa964d6c2bf6138?s=100&#038;d=mm&#038;r=g' srcset='https:\/\/secure.gravatar.com\/avatar\/b96138f8f41a63ffc23173ab3faa5e53ee0c39328a8fee3dcaa964d6c2bf6138?s=200&#038;d=mm&#038;r=g 2x' class='avatar avatar-100 photo' height='100' width='100' \/>\t\t\t\t\t<p>Feliz como Country Manager de SiteGround y particularmente enganchado a la filosof\u00eda \u00fanica que les caracteriza y que mezcla pasi\u00f3n y devoci\u00f3n por empleados y clientes. Se dedica a la atenci\u00f3n al cliente y a las ventas desde hace diecisietea\u00f1os, centrado en los sectores del hosting y open source en Espa\u00f1a y LatAm. Devoto del rock, la buena mesa y la ciencia ficci\u00f3n desde hace muchos a\u00f1os m\u00e1s.<\/p>\n\t\t\t\t<\/div>\n\t\t\t<\/div>\n\n\t\t\n\t<\/div>\n\n\t\n","protected":false},"excerpt":{"rendered":"","protected":false},"author":10787905,"featured_media":0,"parent":0,"menu_order":0,"comment_status":"closed","ping_status":"closed","template":"","meta":{"_crdt_document":"","jetpack_post_was_ever_published":false,"footnotes":""},"class_list":["post-527","page","type-page","status-publish","hentry"],"jetpack_sharing_enabled":true,"jetpack_shortlink":"https:\/\/wp.me\/P7X54a-8v","_links":{"self":[{"href":"https:\/\/alicante.wordcamp.org\/2017\/wp-json\/wp\/v2\/pages\/527","targetHints":{"allow":["GET"]}}],"collection":[{"href":"https:\/\/alicante.wordcamp.org\/2017\/wp-json\/wp\/v2\/pages"}],"about":[{"href":"https:\/\/alicante.wordcamp.org\/2017\/wp-json\/wp\/v2\/types\/page"}],"author":[{"embeddable":true,"href":"https:\/\/alicante.wordcamp.org\/2017\/wp-json\/wp\/v2\/users\/10787905"}],"replies":[{"embeddable":true,"href":"https:\/\/alicante.wordcamp.org\/2017\/wp-json\/wp\/v2\/comments?post=527"}],"version-history":[{"count":3,"href":"https:\/\/alicante.wordcamp.org\/2017\/wp-json\/wp\/v2\/pages\/527\/revisions"}],"predecessor-version":[{"id":530,"href":"https:\/\/alicante.wordcamp.org\/2017\/wp-json\/wp\/v2\/pages\/527\/revisions\/530"}],"wp:attachment":[{"href":"https:\/\/alicante.wordcamp.org\/2017\/wp-json\/wp\/v2\/media?parent=527"}],"curies":[{"name":"wp","href":"https:\/\/api.w.org\/{rel}","templated":true}]}}